{"id":1487,"date":"2021-03-07T17:01:41","date_gmt":"2021-03-07T16:01:41","guid":{"rendered":"https:\/\/abh.co.at\/de\/?page_id=1487"},"modified":"2025-07-23T19:16:07","modified_gmt":"2025-07-23T17:16:07","slug":"impressum","status":"publish","type":"page","link":"https:\/\/abh.co.at\/de\/impressum\/","title":{"rendered":"Impressum"},"content":{"rendered":"<p align=\"justify\"><b>ABH-Thermo Vertriebs GmbH.<br \/>\n<\/b><span style=\"font-size: small;\">Wehlistrasse 27b\/DG\/Top1+2, A-1200 Wien<\/span><\/p>\n<p align=\"justify\">Gesch\u00e4ftsf\u00fchrer:<b><span style=\"font-family: Verdana; font-size: small;\"> Klaus G\u00f6tterer<\/span><\/b><\/p>\n<p align=\"justify\">Firmenbuch: <strong>178960b<\/strong> Landesgericht Innsbruck<br \/>\nGewerbe: <strong>Handelsgewerbe und Handelsagenten gem Gew. Ordnung 1994<\/strong><\/p>\n<p align=\"justify\">Wehlistrasse 27b\/DG\/Top1+2, A-1200 Wien<\/p>\n<p align=\"justify\">Telefon:\u00a0<b>01\/334 34 70<\/b><br \/>\nFax:\u00a0<b>01\/334 35 70<\/b><\/p>\n<p align=\"justify\">E-Mail:<span style=\"font-size: small;\">\u00a0<a href=\"mailto:office@abh.co.at\">office@abh.co.at<\/a><\/span><span style=\"color: #000000; font-size: small;\"><br \/>\n<\/span><strong>Internet:<\/strong><span style=\"font-size: small;\">\u00a0<a href=\"http:\/\/www.abh.co.at\/\">www.abh.co.at<\/a><br \/>\nFirmenbuch Wien &#8211; Nr. FN 178 960 b &#8211; HG Innsbruck<br \/>\n<strong>UID-Nr:<\/strong>\u00a0<\/span><span style=\"font-size: small;\">ATU 462 433 00<\/span><\/p>\n<p align=\"justify\">Mitglied der Wirtschaftskammer Wien<\/p>\n<p align=\"justify\"><a href=\"http:\/\/www.wkoecg.at\/Web\/Library\/Images\/faz\/ecg.gif\" target=\"_blank\" rel=\"noopener\"><img loading=\"lazy\" decoding=\"async\" class=\"alignnone\" src=\"http:\/\/www.wkoecg.at\/Web\/Library\/Images\/faz\/ecg.gif\" alt=\"\" width=\"169\" height=\"23\" border=\"0\" \/><\/a><\/p>\n<p><span style=\"font-family: Verdana;\">Wir sind an einer alternativen Streitbelegung nicht verpflichtet und bereit.<\/span><\/p>\n<p><strong>Rechtliche Hinweise zur Webseite<\/strong><br \/>\nAlle Texte, Bilder und weiter hier ver\u00f6ffentlichten Informationen unterliegen dem Urheberrecht des Anbieters, soweit nicht Urheberrechte Dritter bestehen. In jedem Fall ist eine Vervielf\u00e4ltigung, Verbreitung oder \u00f6ffentliche Wiedergabe ausschlie\u00dflich im Falle einer widerruflichen und nicht \u00fcbertragbaren Zustimmung des Anbieters gestattet.<\/p>\n<p>F\u00fcr alle mittels Querverweis (Link) verbundenen Webinhalte \u00fcbernimmt der Anbieter keine Verantwortung, da es sich hierbei nicht um eigene Inhalte handelt. Die verlinkten Seiten wurden auf rechtswidrige Inhalte \u00fcberpr\u00fcft, zum Zeitpunkt der Verlinkung waren solche nicht erkennbar. Verantwortlich f\u00fcr den Inhalt der verlinkten Seiten ist deren Betreiber. Der Anbieter hat hierzu keine allgemeine \u00dcberwachungs- und Pr\u00fcfungspflicht. Bei Bekanntwerden einer Rechtsverletzung wird der entsprechende Link jedoch umgehend entfernt.<\/p>\n","protected":false},"excerpt":{"rendered":"<p>ABH-Thermo Vertriebs GmbH. Wehlistrasse 27b\/DG\/Top1+2, A-1200 Wien Gesch\u00e4ftsf\u00fchrer: Klaus G\u00f6tterer Firmenbuch: 178960b Landesgericht Innsbruck Gewerbe: Handelsgewerbe und Handelsagenten gem Gew. Ordnung 1994 Wehlistrasse 27b\/DG\/Top1+2, A-1200 Wien Telefon:\u00a001\/334 34 70 Fax:\u00a001\/334 &#8230;<\/p>\n","protected":false},"author":1,"featured_media":0,"parent":0,"menu_order":0,"comment_status":"closed","ping_status":"closed","template":"","meta":{"footnotes":""},"class_list":["post-1487","page","type-page","status-publish","hentry"],"_links":{"self":[{"href":"https:\/\/abh.co.at\/de\/wp-json\/wp\/v2\/pages\/1487","targetHints":{"allow":["GET"]}}],"collection":[{"href":"https:\/\/abh.co.at\/de\/wp-json\/wp\/v2\/pages"}],"about":[{"href":"https:\/\/abh.co.at\/de\/wp-json\/wp\/v2\/types\/page"}],"author":[{"embeddable":true,"href":"https:\/\/abh.co.at\/de\/wp-json\/wp\/v2\/users\/1"}],"replies":[{"embeddable":true,"href":"https:\/\/abh.co.at\/de\/wp-json\/wp\/v2\/comments?post=1487"}],"version-history":[{"count":4,"href":"https:\/\/abh.co.at\/de\/wp-json\/wp\/v2\/pages\/1487\/revisions"}],"predecessor-version":[{"id":1797,"href":"https:\/\/abh.co.at\/de\/wp-json\/wp\/v2\/pages\/1487\/revisions\/1797"}],"wp:attachment":[{"href":"https:\/\/abh.co.at\/de\/wp-json\/wp\/v2\/media?parent=1487"}],"curies":[{"name":"wp","href":"https:\/\/api.w.org\/{rel}","templated":true}]}}