{"id":1499,"date":"2021-03-07T17:40:54","date_gmt":"2021-03-07T16:40:54","guid":{"rendered":"https:\/\/abh.co.at\/de\/?page_id=1499"},"modified":"2021-06-15T10:10:27","modified_gmt":"2021-06-15T08:10:27","slug":"produkte","status":"publish","type":"page","link":"https:\/\/abh.co.at\/de\/produkte\/","title":{"rendered":"Produkte"},"content":{"rendered":"<h3>Produkte<\/h3>\n<p>Unser Angebot umfasst die Auslegung, das Design und die Projektabwicklung f\u00fcr W\u00e4rmeaustauscher\/Druckbeh\u00e4lter in folgenden Anwendungsgebieten:<\/p>\n<p><strong>Energie- und Umwelttechnik<\/strong><\/p>\n<ul>\n<li>Abw\u00e4rmeverwertung in M\u00fcllverbrennung- und Biomasseanlagen<\/li>\n<li>Thermische Auskopplung aus Kraft-W\u00e4rme-Anlagen<\/li>\n<li>Heizer, Vorw\u00e4rmer, K\u00fchler<\/li>\n<li>Speisewasserbeh\u00e4lter, Entgaser<\/li>\n<li>Vakuumkondensatstationen inkl. Absaugung und Kondensatpumpen<\/li>\n<\/ul>\n<p><strong>Fernw\u00e4rme<\/strong><\/p>\n<ul>\n<li>Kompakt-\u00dcbergabestationen<\/li>\n<li>R\u00f6hrenw\u00e4rmeaustauscher<\/li>\n<\/ul>\n<p><strong>Allgemeine Industrieanwendung<\/strong><\/p>\n<ul>\n<li>Dampf- und Reindampfstationen<\/li>\n<li>Br\u00fcdenkondensatoren<\/li>\n<li>R\u00f6hrenw\u00e4rmeaustauscher f\u00fcr h\u00f6here Dr\u00fccke und Temperaturen sowie\u00a0verschmutzte Medien<\/li>\n<\/ul>\n<p>Als Partner von Planungsfirmen verf\u00fcgen wir \u00fcber L\u00f6sungskompetenz im Bereich des W\u00e4rmeaustausches &#8211; von der technischen Auslegung bis zur Produktion.<\/p>\n","protected":false},"excerpt":{"rendered":"<p>Produkte Unser Angebot umfasst die Auslegung, das Design und die Projektabwicklung f\u00fcr W\u00e4rmeaustauscher\/Druckbeh\u00e4lter in folgenden Anwendungsgebieten: Energie- und Umwelttechnik Abw\u00e4rmeverwertung in M\u00fcllverbrennung- und Biomasseanlagen Thermische Auskopplung aus Kraft-W\u00e4rme-Anlagen Heizer, Vorw\u00e4rmer, &#8230;<\/p>\n","protected":false},"author":1,"featured_media":1506,"parent":0,"menu_order":0,"comment_status":"closed","ping_status":"closed","template":"","meta":{"footnotes":""},"class_list":["post-1499","page","type-page","status-publish","has-post-thumbnail","hentry"],"_links":{"self":[{"href":"https:\/\/abh.co.at\/de\/wp-json\/wp\/v2\/pages\/1499","targetHints":{"allow":["GET"]}}],"collection":[{"href":"https:\/\/abh.co.at\/de\/wp-json\/wp\/v2\/pages"}],"about":[{"href":"https:\/\/abh.co.at\/de\/wp-json\/wp\/v2\/types\/page"}],"author":[{"embeddable":true,"href":"https:\/\/abh.co.at\/de\/wp-json\/wp\/v2\/users\/1"}],"replies":[{"embeddable":true,"href":"https:\/\/abh.co.at\/de\/wp-json\/wp\/v2\/comments?post=1499"}],"version-history":[{"count":5,"href":"https:\/\/abh.co.at\/de\/wp-json\/wp\/v2\/pages\/1499\/revisions"}],"predecessor-version":[{"id":1714,"href":"https:\/\/abh.co.at\/de\/wp-json\/wp\/v2\/pages\/1499\/revisions\/1714"}],"wp:featuredmedia":[{"embeddable":true,"href":"https:\/\/abh.co.at\/de\/wp-json\/wp\/v2\/media\/1506"}],"wp:attachment":[{"href":"https:\/\/abh.co.at\/de\/wp-json\/wp\/v2\/media?parent=1499"}],"curies":[{"name":"wp","href":"https:\/\/api.w.org\/{rel}","templated":true}]}}