{"id":1632,"date":"2021-03-07T20:35:35","date_gmt":"2021-03-07T19:35:35","guid":{"rendered":"https:\/\/abh.co.at\/de\/?page_id=1632"},"modified":"2021-06-15T10:17:46","modified_gmt":"2021-06-15T08:17:46","slug":"sicherheitstauscher","status":"publish","type":"page","link":"https:\/\/abh.co.at\/de\/sicherheitstauscher\/","title":{"rendered":"Sicherheitstauscher"},"content":{"rendered":"<h3 align=\"justify\">Sicherheitstauscher<\/span><\/h3>\n<p align=\"justify\">Der Einsatz von Doppelrohsicherheitstauschern<\/span><\/p>\n<ul>\n<li>ein speziell von ABH-Thermo und unserem Partner konzipierter Apparat, der ein Vermischen der gef\u00fchrten Medien unter keinen Umst\u00e4nden zul\u00e4sst<\/span><\/li>\n<li>ist sowohl im Energie- als auch im Industriebereich immer h\u00e4ufiger. Vor allem bei Tr\u00e4ger\u00f6lanwendungen in ORC-Anlagen sind seine Vorteile wie das Leckage-Warnsystem sehr gefragt.<\/span><\/li>\n<\/ul>\n","protected":false},"excerpt":{"rendered":"<p>Sicherheitstauscher Der Einsatz von Doppelrohsicherheitstauschern ein speziell von ABH-Thermo und unserem Partner konzipierter Apparat, der ein Vermischen der gef\u00fchrten Medien unter keinen Umst\u00e4nden zul\u00e4sst ist sowohl im Energie- als auch &#8230;<\/p>\n","protected":false},"author":1,"featured_media":1600,"parent":0,"menu_order":0,"comment_status":"closed","ping_status":"closed","template":"","meta":{"footnotes":""},"class_list":["post-1632","page","type-page","status-publish","has-post-thumbnail","hentry"],"_links":{"self":[{"href":"https:\/\/abh.co.at\/de\/wp-json\/wp\/v2\/pages\/1632","targetHints":{"allow":["GET"]}}],"collection":[{"href":"https:\/\/abh.co.at\/de\/wp-json\/wp\/v2\/pages"}],"about":[{"href":"https:\/\/abh.co.at\/de\/wp-json\/wp\/v2\/types\/page"}],"author":[{"embeddable":true,"href":"https:\/\/abh.co.at\/de\/wp-json\/wp\/v2\/users\/1"}],"replies":[{"embeddable":true,"href":"https:\/\/abh.co.at\/de\/wp-json\/wp\/v2\/comments?post=1632"}],"version-history":[{"count":4,"href":"https:\/\/abh.co.at\/de\/wp-json\/wp\/v2\/pages\/1632\/revisions"}],"predecessor-version":[{"id":1724,"href":"https:\/\/abh.co.at\/de\/wp-json\/wp\/v2\/pages\/1632\/revisions\/1724"}],"wp:featuredmedia":[{"embeddable":true,"href":"https:\/\/abh.co.at\/de\/wp-json\/wp\/v2\/media\/1600"}],"wp:attachment":[{"href":"https:\/\/abh.co.at\/de\/wp-json\/wp\/v2\/media?parent=1632"}],"curies":[{"name":"wp","href":"https:\/\/api.w.org\/{rel}","templated":true}]}}