{"id":1637,"date":"2021-03-07T20:38:26","date_gmt":"2021-03-07T19:38:26","guid":{"rendered":"https:\/\/abh.co.at\/de\/?page_id=1637"},"modified":"2021-06-15T10:19:10","modified_gmt":"2021-06-15T08:19:10","slug":"vorwaermer","status":"publish","type":"page","link":"https:\/\/abh.co.at\/de\/vorwaermer\/","title":{"rendered":"Vorw\u00e4rmer"},"content":{"rendered":"<h3>Vorw\u00e4rmer<\/h3>\n<p align=\"justify\">In den letzten Jahren hat ABH Thermo auch im Bereich der Hochdruck-Vorw\u00e4rmer, Fu\u00df gefasst.<\/p>\n<p align=\"justify\">Hier sehen sie einen HD-Vorw\u00e4rmer f\u00fcr die VA-Stahl in Linz. Die Konzessionsdaten f\u00fcr diesen Apparat liegen bei 500\u00b0C und 270 bar.<\/p>\n<p align=\"justify\">Auch was die verwendeten Materialien betrifft sind diese Apparate nicht ganz allt\u00e4glich. Bei dem hier gezeigten Apparat wurde der Mantel aus 16 Mo 3 gefertigt und f\u00fcr Rohrplatte und Wasserkammer 1.6368 (WB36) verarbeitet.<\/p>\n<p align=\"justify\">Ein weiteres innovatives Detail sind die, auf den Fotos noch nicht montierten, Ausziehschienen f\u00fcr den Revisionsdeckel. Aufgrund dieser Schienen und der Befestigung mit Einlegekeilen, kann der Revisionsdeckel trotz etwa 2000kg Gewicht von einem Einzelnen gel\u00f6st und demontiert werden um eine Revision vorzunehmen.<\/p>\n","protected":false},"excerpt":{"rendered":"<p>Vorw\u00e4rmer In den letzten Jahren hat ABH Thermo auch im Bereich der Hochdruck-Vorw\u00e4rmer, Fu\u00df gefasst. Hier sehen sie einen HD-Vorw\u00e4rmer f\u00fcr die VA-Stahl in Linz. Die Konzessionsdaten f\u00fcr diesen Apparat &#8230;<\/p>\n","protected":false},"author":1,"featured_media":1672,"parent":0,"menu_order":0,"comment_status":"closed","ping_status":"closed","template":"","meta":{"footnotes":""},"class_list":["post-1637","page","type-page","status-publish","has-post-thumbnail","hentry"],"_links":{"self":[{"href":"https:\/\/abh.co.at\/de\/wp-json\/wp\/v2\/pages\/1637","targetHints":{"allow":["GET"]}}],"collection":[{"href":"https:\/\/abh.co.at\/de\/wp-json\/wp\/v2\/pages"}],"about":[{"href":"https:\/\/abh.co.at\/de\/wp-json\/wp\/v2\/types\/page"}],"author":[{"embeddable":true,"href":"https:\/\/abh.co.at\/de\/wp-json\/wp\/v2\/users\/1"}],"replies":[{"embeddable":true,"href":"https:\/\/abh.co.at\/de\/wp-json\/wp\/v2\/comments?post=1637"}],"version-history":[{"count":3,"href":"https:\/\/abh.co.at\/de\/wp-json\/wp\/v2\/pages\/1637\/revisions"}],"predecessor-version":[{"id":1726,"href":"https:\/\/abh.co.at\/de\/wp-json\/wp\/v2\/pages\/1637\/revisions\/1726"}],"wp:featuredmedia":[{"embeddable":true,"href":"https:\/\/abh.co.at\/de\/wp-json\/wp\/v2\/media\/1672"}],"wp:attachment":[{"href":"https:\/\/abh.co.at\/de\/wp-json\/wp\/v2\/media?parent=1637"}],"curies":[{"name":"wp","href":"https:\/\/api.w.org\/{rel}","templated":true}]}}