{"id":1640,"date":"2021-03-07T20:40:10","date_gmt":"2021-03-07T19:40:10","guid":{"rendered":"https:\/\/abh.co.at\/de\/?page_id=1640"},"modified":"2021-06-15T10:13:49","modified_gmt":"2021-06-15T08:13:49","slug":"heizkondensatoren","status":"publish","type":"page","link":"https:\/\/abh.co.at\/de\/heizkondensatoren\/","title":{"rendered":"Heizkondensatoren"},"content":{"rendered":"<h3 align=\"justify\">Heizkondensatoren<\/span><\/h3>\n<p align=\"justify\">Dampf ist einer unserer Themenschwerpunkte. Dieser umfasst auch den Bau von Stationen f\u00fcr den Heizungsbereich.<\/span><\/p>\n<p align=\"justify\">Bauteile wie der W\u00e4rmetauscher, Kondensatpumpen, Regel-, Sicherheits- und Absperrarmaturen sowie Anzeigen werden auf einem Rahmen montiert und als Kompaktl\u00f6sung anschlussfertig geliefert.<\/span><\/p>\n<p>Auf dem zweiten Foto sehen Sie 2 unserer insgesamt 10 Apparate, die im Fernheizkraftwerk M\u00fcnchen \u2013 S\u00fcd eingebaut und seit 2004 in Betrieb sind, w\u00e4hrend der Montage.<\/p>\n<p align=\"justify\">Auch f\u00fcr ein Fernheiz-Kraftwerk in Linz und f\u00fcr das Kraftwerk Timelkam haben wir Apparate \u00e4hnlicher Gr\u00f6\u00dfe geliefert.<\/span><\/p>\n","protected":false},"excerpt":{"rendered":"<p>Heizkondensatoren Dampf ist einer unserer Themenschwerpunkte. Dieser umfasst auch den Bau von Stationen f\u00fcr den Heizungsbereich. Bauteile wie der W\u00e4rmetauscher, Kondensatpumpen, Regel-, Sicherheits- und Absperrarmaturen sowie Anzeigen werden auf einem &#8230;<\/p>\n","protected":false},"author":1,"featured_media":1673,"parent":0,"menu_order":0,"comment_status":"closed","ping_status":"closed","template":"","meta":{"footnotes":""},"class_list":["post-1640","page","type-page","status-publish","has-post-thumbnail","hentry"],"_links":{"self":[{"href":"https:\/\/abh.co.at\/de\/wp-json\/wp\/v2\/pages\/1640","targetHints":{"allow":["GET"]}}],"collection":[{"href":"https:\/\/abh.co.at\/de\/wp-json\/wp\/v2\/pages"}],"about":[{"href":"https:\/\/abh.co.at\/de\/wp-json\/wp\/v2\/types\/page"}],"author":[{"embeddable":true,"href":"https:\/\/abh.co.at\/de\/wp-json\/wp\/v2\/users\/1"}],"replies":[{"embeddable":true,"href":"https:\/\/abh.co.at\/de\/wp-json\/wp\/v2\/comments?post=1640"}],"version-history":[{"count":6,"href":"https:\/\/abh.co.at\/de\/wp-json\/wp\/v2\/pages\/1640\/revisions"}],"predecessor-version":[{"id":1720,"href":"https:\/\/abh.co.at\/de\/wp-json\/wp\/v2\/pages\/1640\/revisions\/1720"}],"wp:featuredmedia":[{"embeddable":true,"href":"https:\/\/abh.co.at\/de\/wp-json\/wp\/v2\/media\/1673"}],"wp:attachment":[{"href":"https:\/\/abh.co.at\/de\/wp-json\/wp\/v2\/media?parent=1640"}],"curies":[{"name":"wp","href":"https:\/\/api.w.org\/{rel}","templated":true}]}}