{"id":1643,"date":"2021-03-07T20:40:41","date_gmt":"2021-03-07T19:40:41","guid":{"rendered":"https:\/\/abh.co.at\/de\/?page_id=1643"},"modified":"2021-06-15T10:18:07","modified_gmt":"2021-06-15T08:18:07","slug":"sonderanlagen","status":"publish","type":"page","link":"https:\/\/abh.co.at\/de\/sonderanlagen\/","title":{"rendered":"Sonderanlagen"},"content":{"rendered":"<h3 align=\"justify\">Sonderanlagen<\/h3>\n<p align=\"justify\">Auch bei innovativen Projekten, vor allem zur besseren Energieausnutzung, ist ABH Thermo vorne dabei.<\/span><\/p>\n<p align=\"justify\">Hier sehen sie Dampfspeicher die mit sto\u00dfweise bei einem Papierriss auftretenden \u201eAbfalldampf\u201c aus einer Papierfabrik angespeist werden. Mittels dieses Dampfes, der fr\u00fcher ins Freie geleitet wurde, wird das Hei\u00dfwasser in den vier Beh\u00e4ltern erhitzt. Dadurch kann aus dem oben in den Beh\u00e4ltern liegenden Dampfraum konstant Dampf entnommen werden um damit den W\u00e4rmebedarf eines Krankenhauses zu decken.<\/span><\/p>\n","protected":false},"excerpt":{"rendered":"<p>Sonderanlagen Auch bei innovativen Projekten, vor allem zur besseren Energieausnutzung, ist ABH Thermo vorne dabei. Hier sehen sie Dampfspeicher die mit sto\u00dfweise bei einem Papierriss auftretenden \u201eAbfalldampf\u201c aus einer Papierfabrik &#8230;<\/p>\n","protected":false},"author":1,"featured_media":1641,"parent":0,"menu_order":0,"comment_status":"closed","ping_status":"closed","template":"","meta":{"footnotes":""},"class_list":["post-1643","page","type-page","status-publish","has-post-thumbnail","hentry"],"_links":{"self":[{"href":"https:\/\/abh.co.at\/de\/wp-json\/wp\/v2\/pages\/1643","targetHints":{"allow":["GET"]}}],"collection":[{"href":"https:\/\/abh.co.at\/de\/wp-json\/wp\/v2\/pages"}],"about":[{"href":"https:\/\/abh.co.at\/de\/wp-json\/wp\/v2\/types\/page"}],"author":[{"embeddable":true,"href":"https:\/\/abh.co.at\/de\/wp-json\/wp\/v2\/users\/1"}],"replies":[{"embeddable":true,"href":"https:\/\/abh.co.at\/de\/wp-json\/wp\/v2\/comments?post=1643"}],"version-history":[{"count":3,"href":"https:\/\/abh.co.at\/de\/wp-json\/wp\/v2\/pages\/1643\/revisions"}],"predecessor-version":[{"id":1717,"href":"https:\/\/abh.co.at\/de\/wp-json\/wp\/v2\/pages\/1643\/revisions\/1717"}],"wp:featuredmedia":[{"embeddable":true,"href":"https:\/\/abh.co.at\/de\/wp-json\/wp\/v2\/media\/1641"}],"wp:attachment":[{"href":"https:\/\/abh.co.at\/de\/wp-json\/wp\/v2\/media?parent=1643"}],"curies":[{"name":"wp","href":"https:\/\/api.w.org\/{rel}","templated":true}]}}