{"id":1645,"date":"2021-03-07T20:41:31","date_gmt":"2021-03-07T19:41:31","guid":{"rendered":"https:\/\/abh.co.at\/de\/?page_id=1645"},"modified":"2021-06-15T10:16:49","modified_gmt":"2021-06-15T08:16:49","slug":"pit","status":"publish","type":"page","link":"https:\/\/abh.co.at\/de\/pit\/","title":{"rendered":"PIT"},"content":{"rendered":"<h3 align=\"justify\">PIT<\/span><\/h3>\n<p align=\"justify\">Vollverschwei\u00dfte Plattentauscher, wie der hier abgebildete, vereinen die Vorteile von Plattentauschern, geringe Baugr\u00f6\u00dfe bei gro\u00dfer \u00fcbertragener Leistung, mit der Betriebssicherheit von R\u00f6hrentauschern.<\/span><\/p>\n<p align=\"justify\">Weitere Vorteile sind die geringe F\u00fcllmenge und, durch die dichtungsfreie Konstruktion, kein Dichtungsverschlei\u00df.<\/span><\/p>\n","protected":false},"excerpt":{"rendered":"<p>PIT Vollverschwei\u00dfte Plattentauscher, wie der hier abgebildete, vereinen die Vorteile von Plattentauschern, geringe Baugr\u00f6\u00dfe bei gro\u00dfer \u00fcbertragener Leistung, mit der Betriebssicherheit von R\u00f6hrentauschern. Weitere Vorteile sind die geringe F\u00fcllmenge und, &#8230;<\/p>\n","protected":false},"author":1,"featured_media":1593,"parent":0,"menu_order":0,"comment_status":"closed","ping_status":"closed","template":"","meta":{"footnotes":""},"class_list":["post-1645","page","type-page","status-publish","has-post-thumbnail","hentry"],"_links":{"self":[{"href":"https:\/\/abh.co.at\/de\/wp-json\/wp\/v2\/pages\/1645","targetHints":{"allow":["GET"]}}],"collection":[{"href":"https:\/\/abh.co.at\/de\/wp-json\/wp\/v2\/pages"}],"about":[{"href":"https:\/\/abh.co.at\/de\/wp-json\/wp\/v2\/types\/page"}],"author":[{"embeddable":true,"href":"https:\/\/abh.co.at\/de\/wp-json\/wp\/v2\/users\/1"}],"replies":[{"embeddable":true,"href":"https:\/\/abh.co.at\/de\/wp-json\/wp\/v2\/comments?post=1645"}],"version-history":[{"count":3,"href":"https:\/\/abh.co.at\/de\/wp-json\/wp\/v2\/pages\/1645\/revisions"}],"predecessor-version":[{"id":1723,"href":"https:\/\/abh.co.at\/de\/wp-json\/wp\/v2\/pages\/1645\/revisions\/1723"}],"wp:featuredmedia":[{"embeddable":true,"href":"https:\/\/abh.co.at\/de\/wp-json\/wp\/v2\/media\/1593"}],"wp:attachment":[{"href":"https:\/\/abh.co.at\/de\/wp-json\/wp\/v2\/media?parent=1645"}],"curies":[{"name":"wp","href":"https:\/\/api.w.org\/{rel}","templated":true}]}}