{"id":1650,"date":"2021-03-07T20:43:17","date_gmt":"2021-03-07T19:43:17","guid":{"rendered":"https:\/\/abh.co.at\/de\/?page_id=1650"},"modified":"2021-06-15T10:19:51","modified_gmt":"2021-06-15T08:19:51","slug":"waermerueckgewinnung","status":"publish","type":"page","link":"https:\/\/abh.co.at\/de\/waermerueckgewinnung\/","title":{"rendered":"W\u00e4rmer\u00fcckgewinnung"},"content":{"rendered":"<h3>W\u00e4rmer\u00fcckgewinnung<\/h3>\n<p>W\u00e4rmer\u00fcckgewinnung ist in Zeiten der Energieeinsparung ein wichtiges Thema. K\u00fchl- und Heizprozesse k\u00f6nnen mit speziell konzipierten W\u00e4rmetauschern realisiert werden.<\/p>\n","protected":false},"excerpt":{"rendered":"<p>W\u00e4rmer\u00fcckgewinnung W\u00e4rmer\u00fcckgewinnung ist in Zeiten der Energieeinsparung ein wichtiges Thema. K\u00fchl- und Heizprozesse k\u00f6nnen mit speziell konzipierten W\u00e4rmetauschern realisiert werden.<\/p>\n","protected":false},"author":1,"featured_media":1598,"parent":0,"menu_order":0,"comment_status":"closed","ping_status":"closed","template":"","meta":{"footnotes":""},"class_list":["post-1650","page","type-page","status-publish","has-post-thumbnail","hentry"],"_links":{"self":[{"href":"https:\/\/abh.co.at\/de\/wp-json\/wp\/v2\/pages\/1650","targetHints":{"allow":["GET"]}}],"collection":[{"href":"https:\/\/abh.co.at\/de\/wp-json\/wp\/v2\/pages"}],"about":[{"href":"https:\/\/abh.co.at\/de\/wp-json\/wp\/v2\/types\/page"}],"author":[{"embeddable":true,"href":"https:\/\/abh.co.at\/de\/wp-json\/wp\/v2\/users\/1"}],"replies":[{"embeddable":true,"href":"https:\/\/abh.co.at\/de\/wp-json\/wp\/v2\/comments?post=1650"}],"version-history":[{"count":2,"href":"https:\/\/abh.co.at\/de\/wp-json\/wp\/v2\/pages\/1650\/revisions"}],"predecessor-version":[{"id":1727,"href":"https:\/\/abh.co.at\/de\/wp-json\/wp\/v2\/pages\/1650\/revisions\/1727"}],"wp:featuredmedia":[{"embeddable":true,"href":"https:\/\/abh.co.at\/de\/wp-json\/wp\/v2\/media\/1598"}],"wp:attachment":[{"href":"https:\/\/abh.co.at\/de\/wp-json\/wp\/v2\/media?parent=1650"}],"curies":[{"name":"wp","href":"https:\/\/api.w.org\/{rel}","templated":true}]}}