{"id":1660,"date":"2021-03-07T20:47:47","date_gmt":"2021-03-07T19:47:47","guid":{"rendered":"https:\/\/abh.co.at\/de\/?page_id=1660"},"modified":"2023-10-03T12:27:06","modified_gmt":"2023-10-03T10:27:06","slug":"zertifikate-regelwerke","status":"publish","type":"page","link":"https:\/\/abh.co.at\/de\/zertifikate-regelwerke\/","title":{"rendered":"Zertifikate &#038; Regelwerke"},"content":{"rendered":"<h3>Zertifikate &amp; Regelwerke<\/h3>\n<p align=\"justify\"><img loading=\"lazy\" decoding=\"async\" class=\"wp-image-1661 size-full alignright\" src=\"https:\/\/abh.co.at\/de\/wp-content\/uploads\/2021\/03\/zertifikate.gif\" alt=\"\" width=\"200\" height=\"500\" \/><\/p>\n<p align=\"justify\">Die festigkeitsm\u00e4\u00dfige Auslegung der Apparate erfolgt nat\u00fcrlich unter Ber\u00fccksichtigung der unterschiedlichsten\u00a0<b>nationalen<\/b>\u00a0sowie\u00a0<b>internationalen Regelwerke und Normen<\/b>.<\/p>\n<p align=\"justify\"><b>Regel\/Norm<br \/>\n<\/b>\u25a0 PED 2014\/68\/EU &#8211; Modul H + H1<br \/>\n\u25a0 EN 13445<br \/>\n\u25a0 AD 2000 Regelwerk<br \/>\n\u25a0 ASME VIII Div.1 (U-Stamp)<br \/>\n\u25a0 TEMA R,B,C<br \/>\n\u25a0 Stoomwezen-Niederlande<br \/>\n\u25a0 SVTI-Schweiz<br \/>\n\u25a0 UDT-Polen<br \/>\n\u25a0 TR-CU \/ GOST<br \/>\n\u25a0 Lloyds Register of Shipping<br \/>\n\u25a0 Germanischer Lloyd<br \/>\n\u25a0 Det Norske Veritas<br \/>\n\u25a0 SELO (China-Stamp)<\/p>\n","protected":false},"excerpt":{"rendered":"<p>Zertifikate &amp; Regelwerke Die festigkeitsm\u00e4\u00dfige Auslegung der Apparate erfolgt nat\u00fcrlich unter Ber\u00fccksichtigung der unterschiedlichsten\u00a0nationalen\u00a0sowie\u00a0internationalen Regelwerke und Normen. Regel\/Norm \u25a0 PED 2014\/68\/EU &#8211; Modul H + H1 \u25a0 EN 13445 \u25a0 &#8230;<\/p>\n","protected":false},"author":1,"featured_media":0,"parent":0,"menu_order":0,"comment_status":"closed","ping_status":"closed","template":"template-fullwidth.php","meta":{"footnotes":""},"class_list":["post-1660","page","type-page","status-publish","hentry"],"_links":{"self":[{"href":"https:\/\/abh.co.at\/de\/wp-json\/wp\/v2\/pages\/1660","targetHints":{"allow":["GET"]}}],"collection":[{"href":"https:\/\/abh.co.at\/de\/wp-json\/wp\/v2\/pages"}],"about":[{"href":"https:\/\/abh.co.at\/de\/wp-json\/wp\/v2\/types\/page"}],"author":[{"embeddable":true,"href":"https:\/\/abh.co.at\/de\/wp-json\/wp\/v2\/users\/1"}],"replies":[{"embeddable":true,"href":"https:\/\/abh.co.at\/de\/wp-json\/wp\/v2\/comments?post=1660"}],"version-history":[{"count":6,"href":"https:\/\/abh.co.at\/de\/wp-json\/wp\/v2\/pages\/1660\/revisions"}],"predecessor-version":[{"id":1756,"href":"https:\/\/abh.co.at\/de\/wp-json\/wp\/v2\/pages\/1660\/revisions\/1756"}],"wp:attachment":[{"href":"https:\/\/abh.co.at\/de\/wp-json\/wp\/v2\/media?parent=1660"}],"curies":[{"name":"wp","href":"https:\/\/api.w.org\/{rel}","templated":true}]}}