{"id":1664,"date":"2021-03-07T20:49:09","date_gmt":"2021-03-07T19:49:09","guid":{"rendered":"https:\/\/abh.co.at\/de\/?page_id=1664"},"modified":"2024-02-01T20:58:48","modified_gmt":"2024-02-01T19:58:48","slug":"baugroessen-werkstoffe","status":"publish","type":"page","link":"https:\/\/abh.co.at\/de\/baugroessen-werkstoffe\/","title":{"rendered":"Baugr\u00f6\u00dfen\/Werkstoffe"},"content":{"rendered":"<h3 align=\"justify\">Baugr\u00f6\u00dfen\/Werkstoffe<\/h3>\n<p>Eine hohe Fertigungstiefe sowie modernste Einrichtungen unserer Produktionspartner erm\u00f6glichen es uns, Auftr\u00e4ge mit gro\u00dfer Flexibilit\u00e4t im Rahmen folgender Baugr\u00f6\u00dfen und Gewichte auszuf\u00fchren:<\/p>\n<p align=\"justify\"><b>Baugr\u00f6\u00dfen<br \/>\n<\/b>\u25a0 L\u00e4nge bis 15 m<br \/>\n\u25a0 Durchmesser bis 4000 mm<br \/>\n\u25a0 Betriebsdruck bis 500 bar<br \/>\n\u25a0 Gesamtgewicht bis 100 t<br \/>\n\u25a0 Baust\u00e4hle gem\u00e4\u00df EN 10025<br \/>\n\u25a0 Feinkornbaust\u00e4hle gem\u00e4\u00df EN 10028-3 (P355NL etc.)<br \/>\n\u25a0 Chrom-Nickel-St\u00e4hle (1.4301, 1.4406, 1.4435, 1.4462 , 1.4541, 1.4571)<br \/>\n\u25a0 Warmfeste St\u00e4hle gem\u00e4\u00df EN 10028-2 (P265GH, 16M03 etc.)<br \/>\n\u25a0 Kupfer und Kupferknetlegierungen (SfCu, CuNi 10, 30, etc.)<br \/>\n\u25a0 Plattierungen aus allen vorgenannten Werkstoffkombinationen<\/p>\n<p>Als Partner von Planungsfirmen verf\u00fcgen wir \u00fcber L\u00f6sungskompetenz im Bereich des W\u00e4rmeaustausches &#8211; von der technischen Auslegung bis zur Produktion.<\/p>\n","protected":false},"excerpt":{"rendered":"<p>Baugr\u00f6\u00dfen\/Werkstoffe Eine hohe Fertigungstiefe sowie modernste Einrichtungen unserer Produktionspartner erm\u00f6glichen es uns, Auftr\u00e4ge mit gro\u00dfer Flexibilit\u00e4t im Rahmen folgender Baugr\u00f6\u00dfen und Gewichte auszuf\u00fchren: Baugr\u00f6\u00dfen \u25a0 L\u00e4nge bis 15 m \u25a0 &#8230;<\/p>\n","protected":false},"author":1,"featured_media":1676,"parent":0,"menu_order":0,"comment_status":"closed","ping_status":"closed","template":"","meta":{"footnotes":""},"class_list":["post-1664","page","type-page","status-publish","has-post-thumbnail","hentry"],"_links":{"self":[{"href":"https:\/\/abh.co.at\/de\/wp-json\/wp\/v2\/pages\/1664","targetHints":{"allow":["GET"]}}],"collection":[{"href":"https:\/\/abh.co.at\/de\/wp-json\/wp\/v2\/pages"}],"about":[{"href":"https:\/\/abh.co.at\/de\/wp-json\/wp\/v2\/types\/page"}],"author":[{"embeddable":true,"href":"https:\/\/abh.co.at\/de\/wp-json\/wp\/v2\/users\/1"}],"replies":[{"embeddable":true,"href":"https:\/\/abh.co.at\/de\/wp-json\/wp\/v2\/comments?post=1664"}],"version-history":[{"count":8,"href":"https:\/\/abh.co.at\/de\/wp-json\/wp\/v2\/pages\/1664\/revisions"}],"predecessor-version":[{"id":1790,"href":"https:\/\/abh.co.at\/de\/wp-json\/wp\/v2\/pages\/1664\/revisions\/1790"}],"wp:featuredmedia":[{"embeddable":true,"href":"https:\/\/abh.co.at\/de\/wp-json\/wp\/v2\/media\/1676"}],"wp:attachment":[{"href":"https:\/\/abh.co.at\/de\/wp-json\/wp\/v2\/media?parent=1664"}],"curies":[{"name":"wp","href":"https:\/\/api.w.org\/{rel}","templated":true}]}}