{"id":1487,"date":"2021-03-07T17:01:41","date_gmt":"2021-03-07T16:01:41","guid":{"rendered":"https:\/\/abh.co.at\/de\/?page_id=1487"},"modified":"2025-07-23T19:22:26","modified_gmt":"2025-07-23T17:22:26","slug":"inprint","status":"publish","type":"page","link":"https:\/\/abh.co.at\/en\/inprint\/","title":{"rendered":"Inprint"},"content":{"rendered":"<p align=\"justify\"><b><span style=\"font-family: Verdana; font-size: small;\"><span style=\"vertical-align: inherit;\"><span style=\"vertical-align: inherit;\"><span style=\"vertical-align: inherit;\"><span style=\"vertical-align: inherit;\">ABH-Thermo Vertriebs GmbH. <\/span><\/span><\/span><\/span><br \/>\n<\/span><\/b><span style=\"font-family: Verdana; font-size: small;\"><span style=\"font-size: small;\"><span style=\"vertical-align: inherit;\"><span style=\"vertical-align: inherit;\"><span style=\"vertical-align: inherit;\"><span style=\"vertical-align: inherit;\">Wehlistra\u00dfe 27b\/DG\/Top1+2, A-1200 Wien<\/span><\/span><\/span><\/span><\/span><\/span><\/p>\n<p align=\"justify\"><span style=\"font-family: Verdana; font-size: small;\"><span style=\"vertical-align: inherit;\"><span style=\"vertical-align: inherit;\"><span style=\"vertical-align: inherit;\"><span style=\"vertical-align: inherit;\">Gesch\u00e4ftsf\u00fchrer: <\/span><\/span><\/span><\/span><\/span><b><span style=\"font-family: Verdana; font-size: small;\"><span style=\"vertical-align: inherit;\"><span style=\"vertical-align: inherit;\"><span style=\"vertical-align: inherit;\"><span style=\"vertical-align: inherit;\">Klaus G\u00f6tterer<\/span><\/span><\/span><\/span><\/span><\/b><\/p>\n<p align=\"justify\"><span style=\"vertical-align: inherit;\"><span style=\"vertical-align: inherit;\"><span style=\"vertical-align: inherit;\"><span style=\"vertical-align: inherit;\">Gewerbe: <\/span><\/span><\/span><\/span><strong><span style=\"vertical-align: inherit;\"><span style=\"vertical-align: inherit;\"><span style=\"vertical-align: inherit;\"><span style=\"vertical-align: inherit;\">Handelsgewerbe und Handelsagenten gem Gew. Ordnung 1994<\/span><\/span><\/span><\/span><\/strong><\/p>\n<p align=\"justify\"><span style=\"font-size: small;\"><span style=\"vertical-align: inherit;\"><span style=\"vertical-align: inherit;\"><span style=\"vertical-align: inherit;\"><span style=\"vertical-align: inherit;\">Wehlistra\u00dfe 27b\/DG\/Top1+2, A-1200 Wien<\/span><\/span><\/span><\/span><\/span><\/p>\n<p align=\"justify\"><span style=\"font-family: Verdana; font-size: small;\"><span style=\"vertical-align: inherit;\"><span style=\"vertical-align: inherit;\"><span style=\"vertical-align: inherit;\"><span style=\"vertical-align: inherit;\">Telefon: <\/span><\/span><\/span><\/span><b><span style=\"vertical-align: inherit;\"><span style=\"vertical-align: inherit;\"><span style=\"vertical-align: inherit;\"><span style=\"vertical-align: inherit;\">+43 (0) 1 334 34 70<\/span><\/span><\/span><\/span><\/b><br \/>\n<span style=\"vertical-align: inherit;\"><span style=\"vertical-align: inherit;\"><span style=\"vertical-align: inherit;\"><span style=\"vertical-align: inherit;\"> Fax: <\/span><\/span><\/span><\/span><b><span style=\"vertical-align: inherit;\"><span style=\"vertical-align: inherit;\"><span style=\"vertical-align: inherit;\"><span style=\"vertical-align: inherit;\">+43 (0) 1 <\/span><\/span><\/span><\/span><\/b><b><span style=\"vertical-align: inherit;\"><span style=\"vertical-align: inherit;\"><span style=\"vertical-align: inherit;\"><span style=\"vertical-align: inherit;\">334 35 70<\/span><\/span><\/span><\/span><\/b><\/span><\/p>\n<p align=\"justify\"><span style=\"font-family: Verdana;\"><strong><span style=\"font-size: small;\"><span style=\"vertical-align: inherit;\"><span style=\"vertical-align: inherit;\"><span style=\"vertical-align: inherit;\"><span style=\"vertical-align: inherit;\">E-Mail: <\/span><\/span><\/span><\/span><\/span><\/strong><span style=\"vertical-align: inherit;\"><span style=\"font-size: small;\"><a href=\"mailto:office@abh.co.at\"><span style=\"vertical-align: inherit;\"><span style=\"vertical-align: inherit;\"><span style=\"vertical-align: inherit;\">office@abh.co.at <\/span><\/span><\/span><\/a><\/span><strong><span style=\"font-size: small;\"><span style=\"vertical-align: inherit;\"><span style=\"vertical-align: inherit;\"><span style=\"vertical-align: inherit;\">Internet: <\/span><\/span><\/span><\/span><\/strong><span style=\"font-size: small;\"><a href=\"http:\/\/www.abh.co.at\/\"><span style=\"vertical-align: inherit;\"><span style=\"vertical-align: inherit;\"><span style=\"vertical-align: inherit;\">www.abh.co.at <\/span><\/span><\/span><\/a><\/span><\/span><\/span><\/p>\n<p align=\"justify\"><span style=\"font-family: Verdana;\"><span style=\"vertical-align: inherit;\"><span style=\"font-size: small;\"><strong><span style=\"vertical-align: inherit;\"><span style=\"vertical-align: inherit;\"><span style=\"vertical-align: inherit;\">Firmenbuchnummer Wien<\/span><\/span><\/span><\/strong><\/span><span style=\"font-size: small;\"><span style=\"vertical-align: inherit;\"><span style=\"vertical-align: inherit;\"><span style=\"vertical-align: inherit;\"> &#8211; FN 178 960 b &#8211; <\/span><\/span><\/span><\/span><\/span><\/span><\/p>\n<p align=\"justify\"><span style=\"font-family: Verdana;\"><span style=\"vertical-align: inherit;\"><span style=\"font-size: small;\"><span style=\"vertical-align: inherit;\"><span style=\"vertical-align: inherit;\"><span style=\"vertical-align: inherit;\">Handelsgericht Innsbruck <\/span><\/span><\/span><\/span><\/span><\/span><\/p>\n<p align=\"justify\"><span style=\"font-family: Verdana;\"><span style=\"vertical-align: inherit;\"><span style=\"font-size: small;\"><strong><span style=\"vertical-align: inherit;\"><span style=\"vertical-align: inherit;\"><span style=\"vertical-align: inherit;\">UID-Nr:<\/span><\/span><\/span><\/strong><\/span><span style=\"font-size: small;\"><span style=\"vertical-align: inherit;\"><span style=\"vertical-align: inherit;\"><span style=\"vertical-align: inherit;\"> ATU 462 433 00<\/span><\/span><\/span><\/span><\/span><span style=\"font-size: small;\">\u00a0<\/span><span style=\"color: #000000; font-size: small;\"><br \/>\n<\/span><\/span><\/p>\n<p>&nbsp;<\/p>\n<p align=\"justify\"><span style=\"vertical-align: inherit;\"><span style=\"vertical-align: inherit;\"><span style=\"vertical-align: inherit;\"><span style=\"vertical-align: inherit;\">Mitglied der Wirtschaftskammer Wien<\/span><\/span><\/span><\/span><\/p>\n<p align=\"justify\"><a href=\"http:\/\/www.wkoecg.at\/Web\/Library\/Images\/faz\/ecg.gif\" target=\"_blank\" rel=\"noopener\"><img loading=\"lazy\" decoding=\"async\" class=\"alignnone\" src=\"http:\/\/www.wkoecg.at\/Web\/Library\/Images\/faz\/ecg.gif\" alt=\"\" width=\"169\" height=\"23\" border=\"0\" \/><\/a><\/p>\n<p><span style=\"font-family: Verdana;\"><span style=\"vertical-align: inherit;\"><span style=\"vertical-align: inherit;\"><span style=\"vertical-align: inherit;\"><span style=\"vertical-align: inherit;\">Wir sind zu einer alternativen Streitbelegung nicht verpflichtet und bereit.<\/span><\/span><\/span><\/span><\/span><\/p>\n<p><strong><span style=\"vertical-align: inherit;\"><span style=\"vertical-align: inherit;\"><span style=\"vertical-align: inherit;\"><span style=\"vertical-align: inherit;\">Rechtliche Hinweise zur Webseite<\/span><\/span><\/span><\/span><\/strong><br \/>\n<span style=\"vertical-align: inherit;\"><span style=\"vertical-align: inherit;\"><span style=\"vertical-align: inherit;\"><span style=\"vertical-align: inherit;\"> Alle hier ver\u00f6ffentlichten Texte, Bilder und Informationen unterliegen dem Urheberrecht des Anbieters, soweit nicht Urheberrechte Dritter bestehen. In jedem Fall ist eine Vervielf\u00e4ltigung, Verbreitung oder \u00f6ffentliche Wiedergabe ausschlie\u00dflich im Fall einer widerruflichen und nicht \u00fcbertragbaren Zustimmung des Anbieters gestattet.<\/span><\/span><\/span><\/span><\/p>\n<p><span style=\"vertical-align: inherit;\"><span style=\"vertical-align: inherit;\"><span style=\"vertical-align: inherit;\"><span style=\"vertical-align: inherit;\">F\u00fcr alle mittels Querverweis (Link) verbundenen Webinhalte \u00fcbernimmt der Anbieter keine Verantwortung, da es sich hierbei nicht um eigene Inhalte handelt. Die verlinkten Seiten wurden auf rechtswidrige Inhalte \u00fcberpr\u00fcft, zum Zeitpunkt der Verlinkung waren solche nicht erkennbar. Verantwortlich f\u00fcr den Inhalt der verlinkten Seiten ist deren Betreiber. Der Anbieter hat hierzu keine allgemeine \u00dcberwachungs- und Pr\u00fcfungspflicht. Bei Bekanntwerden einer Rechtsverletzung wird der entsprechende Link jedoch umgangen.<\/span><\/span><\/span><\/span><\/p>\n","protected":false},"excerpt":{"rendered":"<p>ABH-Thermo Vertriebs GmbH. Wehlistra\u00dfe 27b\/DG\/Top1+2, A-1200 Wien Gesch\u00e4ftsf\u00fchrer: Klaus G\u00f6tterer Gewerbe: Handelsgewerbe und Handelsagenten gem Gew. Ordnung 1994 Wehlistra\u00dfe 27b\/DG\/Top1+2, A-1200 Wien Telefon: +43 (0) 1 334 34 70 Fax: &#8230;<\/p>\n","protected":false},"author":1,"featured_media":0,"parent":0,"menu_order":0,"comment_status":"closed","ping_status":"closed","template":"","meta":{"footnotes":""},"class_list":["post-1487","page","type-page","status-publish","hentry"],"_links":{"self":[{"href":"https:\/\/abh.co.at\/en\/wp-json\/wp\/v2\/pages\/1487","targetHints":{"allow":["GET"]}}],"collection":[{"href":"https:\/\/abh.co.at\/en\/wp-json\/wp\/v2\/pages"}],"about":[{"href":"https:\/\/abh.co.at\/en\/wp-json\/wp\/v2\/types\/page"}],"author":[{"embeddable":true,"href":"https:\/\/abh.co.at\/en\/wp-json\/wp\/v2\/users\/1"}],"replies":[{"embeddable":true,"href":"https:\/\/abh.co.at\/en\/wp-json\/wp\/v2\/comments?post=1487"}],"version-history":[{"count":7,"href":"https:\/\/abh.co.at\/en\/wp-json\/wp\/v2\/pages\/1487\/revisions"}],"predecessor-version":[{"id":1818,"href":"https:\/\/abh.co.at\/en\/wp-json\/wp\/v2\/pages\/1487\/revisions\/1818"}],"wp:attachment":[{"href":"https:\/\/abh.co.at\/en\/wp-json\/wp\/v2\/media?parent=1487"}],"curies":[{"name":"wp","href":"https:\/\/api.w.org\/{rel}","templated":true}]}}